{"id":13295,"date":"2026-01-07T09:28:24","date_gmt":"2026-01-07T15:28:24","guid":{"rendered":"https:\/\/www.innovacioneduencb.ipn.mx\/?page_id=13295"},"modified":"2026-01-08T11:53:44","modified_gmt":"2026-01-08T17:53:44","slug":"guias-de-estudio-para-ets","status":"publish","type":"page","link":"https:\/\/www.innovacioneduencb.ipn.mx\/index.php\/guias-de-estudio-para-ets\/","title":{"rendered":"Gu\u00edas de estudio para ETS"},"content":{"rendered":"\t\t<div data-elementor-type=\"wp-page\" data-elementor-id=\"13295\" class=\"elementor elementor-13295\" data-elementor-post-type=\"page\">\n\t\t\t\t<div class=\"elementor-element elementor-element-387fed4 e-flex e-con-boxed e-con e-parent\" data-id=\"387fed4\" data-element_type=\"container\" data-e-type=\"container\" data-settings=\"{&quot;ekit_has_onepagescroll_dot&quot;:&quot;yes&quot;}\">\n\t\t\t\t\t<div class=\"e-con-inner\">\n\t\t\t\t<div class=\"elementor-element elementor-element-fe94a88 elementor-widget elementor-widget-thim-heading\" data-id=\"fe94a88\" data-element_type=\"widget\" data-e-type=\"widget\" data-settings=\"{&quot;ekit_we_effect_on&quot;:&quot;none&quot;}\" data-widget_type=\"thim-heading.default\">\n\t\t\t\t<div class=\"elementor-widget-container\">\n\t\t\t\t\t<div\n        class=\"thim-sc-heading text-center layout-kit \">\n    <div class=\"heading-content\">\n\n\t\t\n\t\t<h3 class=\"primary-heading\" style=\"color: ; font-size: px; font-weight: normal; font-style: normal;\">Gu\u00edas de estudio para ETS<\/h3><h3 class=\"primary-heading-2\">Alumnos<\/h3>    <\/div>\n\t\t<\/div>\n\t\t\t\t<\/div>\n\t\t\t\t<\/div>\n\t\t\t\t\t<\/div>\n\t\t\t\t<\/div>\n\t\t<div class=\"elementor-element elementor-element-5dd7d6d e-flex e-con-boxed e-con e-parent\" data-id=\"5dd7d6d\" data-element_type=\"container\" data-e-type=\"container\" data-settings=\"{&quot;ekit_has_onepagescroll_dot&quot;:&quot;yes&quot;}\">\n\t\t\t\t\t<div class=\"e-con-inner\">\n\t\t\t\t<div class=\"elementor-element elementor-element-4e472f7 elementor-widget elementor-widget-text-editor\" data-id=\"4e472f7\" data-element_type=\"widget\" data-e-type=\"widget\" data-settings=\"{&quot;ekit_we_effect_on&quot;:&quot;none&quot;}\" data-widget_type=\"text-editor.default\">\n\t\t\t\t<div class=\"elementor-widget-container\">\n\t\t\t\t\t\t\t\t\t<p data-path-to-node=\"12\"><b data-path-to-node=\"12\" data-index-in-node=\"0\">Estimado alumno de la ENCB:<\/b><\/p><p data-path-to-node=\"13\">Para facilitar tu preparaci\u00f3n acad\u00e9mica, hemos habilitado este espacio donde podr\u00e1s consultar las <b data-path-to-node=\"13\" data-index-in-node=\"98\">gu\u00edas de estudio<\/b> de tus distintas Unidades de Aprendizaje.<\/p><p data-path-to-node=\"14\">Te sugerimos hacer uso de estos materiales, ya que han sido seleccionados para orientarte en el estudio y ayudarte a obtener los mejores resultados en tus pr\u00f3ximos ex\u00e1menes.<\/p>\t\t\t\t\t\t\t\t<\/div>\n\t\t\t\t<\/div>\n\t\t\t\t\t<\/div>\n\t\t\t\t<\/div>\n\t\t<div class=\"elementor-element elementor-element-dc0b274 e-flex e-con-boxed e-con e-parent\" data-id=\"dc0b274\" data-element_type=\"container\" data-e-type=\"container\" data-settings=\"{&quot;ekit_has_onepagescroll_dot&quot;:&quot;yes&quot;}\">\n\t\t\t\t\t<div class=\"e-con-inner\">\n\t\t\t\t<div class=\"elementor-element elementor-element-76a1a08 elementor-widget elementor-widget-shortcode\" data-id=\"76a1a08\" data-element_type=\"widget\" data-e-type=\"widget\" data-settings=\"{&quot;ekit_we_effect_on&quot;:&quot;none&quot;}\" data-widget_type=\"shortcode.default\">\n\t\t\t\t<div class=\"elementor-widget-container\">\n\t\t\t\t\t\t\t<div class=\"elementor-shortcode\"><div id=\"tablesome__container\" data-table-id=\"13340\" class=\"tablesome__container tablesome__container--13340  tablesome__container--read-only tablesome__customstyle fit-to-container stack-mode min-column-width max-column-width serialNumberColumn stickyFirstColumn disable_sorting disable_filter disable_search sm-disable_filter \" data-exclude-column-ids=\"\" data-page-limit=\"10\"><div class=\"tablesome-border tablesome-border-solid tablesome-border-slate-200 tablesome-rounded-sm tablesome-p-4  tablesome-w-full tablesome-mx-auto tablesome-my-6\">\r\n                <div class=\"tablesome-animate-pulse tablesome-space-y-4\">\r\n                    <div class=\"tablesome-flex tablesome-gap-4 tablesome-justify-end\" >\r\n                        <div class=\"tablesome-h-7 tablesome-w-40 tablesome-bg-slate-200 tablesome-rounded tablesome-col-span-1\"><\/div>\r\n                        <div class=\"tablesome-h-7 tablesome-w-20 tablesome-bg-slate-200 tablesome-rounded tablesome-col-span-2\"><\/div>\r\n                    <\/div>\r\n                    <div class=\"tablesome-h-7 tablesome-bg-slate-200 tablesome-rounded tablesome-col-span-1\"><\/div>\r\n\r\n                    <div class=\"tablesome-grid tablesome-grid-cols-4 tablesome-gap-4\">\r\n                    <div class=\"tablesome-h-6 tablesome-bg-slate-200 tablesome-rounded tablesome-col-span-1\"><\/div>\r\n                    <div class=\"tablesome-h-6 tablesome-bg-slate-200 tablesome-rounded tablesome-col-span-1\"><\/div>\r\n                    <div class=\"tablesome-h-6 tablesome-bg-slate-200 tablesome-rounded tablesome-col-span-1\"><\/div>\r\n                    <div class=\"tablesome-h-6 tablesome-bg-slate-200 tablesome-rounded tablesome-col-span-1\"><\/div>\r\n                    <\/div>\r\n\r\n                    <div class=\"tablesome-grid tablesome-grid-cols-4 tablesome-gap-4\">\r\n                    <div class=\"tablesome-h-6 tablesome-bg-slate-200 tablesome-rounded tablesome-col-span-1\"><\/div>\r\n                    <div class=\"tablesome-h-6 tablesome-bg-slate-200 tablesome-rounded tablesome-col-span-1\"><\/div>\r\n                    <div class=\"tablesome-h-6 tablesome-bg-slate-200 tablesome-rounded tablesome-col-span-1\"><\/div>\r\n                    <div class=\"tablesome-h-6 tablesome-bg-slate-200 tablesome-rounded tablesome-col-span-1\"><\/div>\r\n                    <\/div>\r\n\r\n                    <div class=\"tablesome-grid tablesome-grid-cols-4 tablesome-gap-4\">\r\n                    <div class=\"tablesome-h-6 tablesome-bg-slate-200 tablesome-rounded tablesome-col-span-1\"><\/div>\r\n                    <div class=\"tablesome-h-6 tablesome-bg-slate-200 tablesome-rounded tablesome-col-span-1\"><\/div>\r\n                    <div class=\"tablesome-h-6 tablesome-bg-slate-200 tablesome-rounded tablesome-col-span-1\"><\/div>\r\n                    <div class=\"tablesome-h-6 tablesome-bg-slate-200 tablesome-rounded tablesome-col-span-1\"><\/div>\r\n                    <\/div>\r\n\r\n                    <div class=\"tablesome-flex tablesome-gap-4 tablesome-max-w-sm tablesome-mx-auto tablesome-justify-center\">\r\n                    <div class=\"tablesome-h-5 tablesome-w-5 tablesome-bg-slate-200 tablesome-rounded tablesome-col-span-1\"><\/div>\r\n                    <div class=\"tablesome-h-5 tablesome-w-5 tablesome-bg-slate-200 tablesome-rounded tablesome-col-span-1\"><\/div>\r\n                    <div class=\"tablesome-h-5 tablesome-w-5 tablesome-bg-slate-200 tablesome-rounded tablesome-col-span-1\"><\/div>\r\n                    <div class=\"tablesome-h-5 tablesome-w-5 tablesome-bg-slate-200 tablesome-rounded tablesome-col-span-1\"><\/div>\r\n                    <div class=\"tablesome-h-5 tablesome-w-5 tablesome-bg-slate-200 tablesome-rounded tablesome-col-span-1\"><\/div>\r\n                    <div class=\"tablesome-h-5 tablesome-w-5 tablesome-bg-slate-200 tablesome-rounded tablesome-col-span-1\"><\/div>\r\n                    <\/div>\r\n                <\/div>\r\n            <\/div><\/div><\/div>\n\t\t\t\t\t\t<\/div>\n\t\t\t\t<\/div>\n\t\t\t\t\t<\/div>\n\t\t\t\t<\/div>\n\t\t<div class=\"elementor-element elementor-element-75a23f2 e-flex e-con-boxed e-con e-parent\" data-id=\"75a23f2\" data-element_type=\"container\" data-e-type=\"container\" data-settings=\"{&quot;ekit_has_onepagescroll_dot&quot;:&quot;yes&quot;}\">\n\t\t\t\t\t<div class=\"e-con-inner\">\n\t\t\t\t<div class=\"elementor-element elementor-element-35c6195 elementor-widget-divider--view-line elementor-widget elementor-widget-divider\" data-id=\"35c6195\" data-element_type=\"widget\" data-e-type=\"widget\" data-settings=\"{&quot;ekit_we_effect_on&quot;:&quot;none&quot;}\" data-widget_type=\"divider.default\">\n\t\t\t\t<div class=\"elementor-widget-container\">\n\t\t\t\t\t\t\t<div class=\"elementor-divider\">\n\t\t\t<span class=\"elementor-divider-separator\">\n\t\t\t\t\t\t<\/span>\n\t\t<\/div>\n\t\t\t\t\t\t<\/div>\n\t\t\t\t<\/div>\n\t\t\t\t\t<\/div>\n\t\t\t\t<\/div>\n\t\t\t\t<\/div>\n\t\t","protected":false},"excerpt":{"rendered":"<p>Gu\u00edas de estudio para ETS Alumnos Estimado alumno de la ENCB: Para facilitar tu preparaci\u00f3n acad\u00e9mica, hemos habilitado este espacio donde podr\u00e1s consultar las gu\u00edas de estudio de tus distintas Unidades de Aprendizaje. Te sugerimos hacer uso de estos materiales, ya que han sido seleccionados para orientarte en el estudio y ayudarte a obtener los&#8230;<\/p>\n","protected":false},"author":1,"featured_media":0,"parent":0,"menu_order":0,"comment_status":"closed","ping_status":"closed","template":"","meta":{"_acf_changed":false,"footnotes":""},"class_list":["post-13295","page","type-page","status-publish","hentry"],"acf":[],"_links":{"self":[{"href":"https:\/\/www.innovacioneduencb.ipn.mx\/index.php\/wp-json\/wp\/v2\/pages\/13295","targetHints":{"allow":["GET"]}}],"collection":[{"href":"https:\/\/www.innovacioneduencb.ipn.mx\/index.php\/wp-json\/wp\/v2\/pages"}],"about":[{"href":"https:\/\/www.innovacioneduencb.ipn.mx\/index.php\/wp-json\/wp\/v2\/types\/page"}],"author":[{"embeddable":true,"href":"https:\/\/www.innovacioneduencb.ipn.mx\/index.php\/wp-json\/wp\/v2\/users\/1"}],"replies":[{"embeddable":true,"href":"https:\/\/www.innovacioneduencb.ipn.mx\/index.php\/wp-json\/wp\/v2\/comments?post=13295"}],"version-history":[{"count":40,"href":"https:\/\/www.innovacioneduencb.ipn.mx\/index.php\/wp-json\/wp\/v2\/pages\/13295\/revisions"}],"predecessor-version":[{"id":13357,"href":"https:\/\/www.innovacioneduencb.ipn.mx\/index.php\/wp-json\/wp\/v2\/pages\/13295\/revisions\/13357"}],"wp:attachment":[{"href":"https:\/\/www.innovacioneduencb.ipn.mx\/index.php\/wp-json\/wp\/v2\/media?parent=13295"}],"curies":[{"name":"wp","href":"https:\/\/api.w.org\/{rel}","templated":true}]}}